{"id":866,"date":"2024-06-15T13:27:39","date_gmt":"2024-06-15T11:27:39","guid":{"rendered":"https:\/\/holdingin.cz\/ueber-uns\/"},"modified":"2024-06-15T13:27:39","modified_gmt":"2024-06-15T11:27:39","slug":"ueber-uns","status":"publish","type":"page","link":"https:\/\/holdingin.cz\/de\/ueber-uns\/","title":{"rendered":"\u00dcber uns"},"content":{"rendered":"<p>Unser Unternehmen Holding Industrie s.r.o. ist ein f\u00fchrender Anbieter von komplexen Dienstleistungen im Bereich des technischen Facility Managements.<br \/>\nWir sind seit mehr als 15 Jahren auf dem tschechischen Markt t\u00e4tig und haben in dieser Zeit Hunderte von erfolgreichen Projekten f\u00fcr ein breites Spektrum von Kunden realisiert, von Wohnungsbaugenossenschaften bis hin zu Gesch\u00e4ftsgeb\u00e4uden und Industriekomplexen.<br \/>\nUnser Ziel ist es, moderne und effiziente L\u00f6sungen anzubieten, die auf die spezifischen Bed\u00fcrfnisse eines jeden Kunden zugeschnitten sind.<br \/>\nUnsere Hauptt\u00e4tigkeitsfelder sind:     <\/p>\n<ul>\n<li>Energiemanagement und Energieaudits<\/li>\n<li>Entwurf, Implementierung und Revision von Elektroinstallationen<\/li>\n<li>Installation und Reparaturen von Wasser-Gas- und Heizungsanlagen<\/li>\n<li>Installation von Beschattungstechnik (Jalousien, Rolll\u00e4den, Markisen)<\/li>\n<li>Vollst\u00e4ndige Realisierung von gesundheitstechnischen Anlagen<\/li>\n<\/ul>\n<p>  In all diesen Bereichen verf\u00fcgen wir \u00fcber ein Team von professionellen Technikern und Handwerkern, die ihr Handwerk perfekt beherrschen.<br \/>\nWir arbeiten eng mit f\u00fchrenden Herstellern und Lieferanten zusammen, so dass wir zertifizierte und hochwertige Materialien verwenden k\u00f6nnen.<br \/>\nWir sind stolz auf unsere individuelle Herangehensweise an jeden Auftrag und die sorgf\u00e4ltige Bewertung der Bed\u00fcrfnisse des Kunden.<br \/>\nWir schlagen die effektivsten L\u00f6sungen vor und ber\u00fccksichtigen dabei moderne Trends, gesetzliche Anforderungen und den Lebenszyklus des Projekts.<br \/>\nWir legen gro\u00dfen Wert auf die Einhaltung der geltenden Normen und Sicherheitsvorschriften und verwenden die besten Arbeitsmethoden.<br \/>\nUnser Ziel ist es, die Funktionalit\u00e4t, Zuverl\u00e4ssigkeit, den kosteng\u00fcnstigen Betrieb und die lange Lebensdauer aller von uns implementierten Systeme zu gew\u00e4hrleisten.<br \/>\nWir sind bereit, unseren Kunden einen kompletten Service aus einer Hand zu bieten, immer auf h\u00f6chstem professionellem Niveau.      <\/p>\n","protected":false},"excerpt":{"rendered":"<p>Unser Unternehmen Holding Industrie s.r.o. ist ein f\u00fchrender Anbieter von komplexen Dienstleistungen im Bereich des technischen Facility Managements. Wir sind seit mehr als 15 Jahren auf dem tschechischen Markt t\u00e4tig und haben in dieser Zeit Hunderte von erfolgreichen Projekten f\u00fcr ein breites Spektrum von Kunden realisiert, von Wohnungsbaugenossenschaften bis hin zu Gesch\u00e4ftsgeb\u00e4uden und Industriekomplexen. Unser [&hellip;]<\/p>\n","protected":false},"author":2,"featured_media":0,"parent":0,"menu_order":0,"comment_status":"closed","ping_status":"closed","template":"staticpage.php","meta":{"_acf_changed":false,"footnotes":""},"class_list":["post-866","page","type-page","status-publish","hentry"],"acf":[],"yoast_head":"<!-- This site is optimized with the Yoast SEO plugin v26.8 - https:\/\/yoast.com\/product\/yoast-seo-wordpress\/ -->\n<title>\u00dcber uns - HOLDINGIN.cz<\/title>\n<meta name=\"description\" content=\"Wir sind ein f\u00fchrender Anbieter von umfassenden technischen Facility-Management-Dienstleistungen. Unser Ziel ist es, moderne und effektive L\u00f6sungen anzubieten, die auf die spezifischen Bed\u00fcrfnisse eines jeden Kunden zugeschnitten sind.\" \/>\n<meta name=\"robots\" content=\"index, follow, max-snippet:-1, max-image-preview:large, max-video-preview:-1\" \/>\n<link rel=\"canonical\" href=\"https:\/\/holdingin.cz\/de\/ueber-uns\/\" \/>\n<meta property=\"og:locale\" content=\"de_DE\" \/>\n<meta property=\"og:type\" content=\"article\" \/>\n<meta property=\"og:title\" content=\"\u00dcber uns - HOLDINGIN.cz\" \/>\n<meta property=\"og:description\" content=\"Wir sind ein f\u00fchrender Anbieter von umfassenden technischen Facility-Management-Dienstleistungen. Unser Ziel ist es, moderne und effektive L\u00f6sungen anzubieten, die auf die spezifischen Bed\u00fcrfnisse eines jeden Kunden zugeschnitten sind.\" \/>\n<meta property=\"og:url\" content=\"https:\/\/holdingin.cz\/de\/ueber-uns\/\" \/>\n<meta property=\"og:site_name\" content=\"HOLDINGIN.cz\" \/>\n<meta property=\"article:publisher\" content=\"https:\/\/www.facebook.com\/holdingin.cz\/\" \/>\n<meta name=\"twitter:card\" content=\"summary_large_image\" \/>\n<meta name=\"twitter:label1\" content=\"Gesch\u00e4tzte Lesezeit\" \/>\n\t<meta name=\"twitter:data1\" content=\"1\u00a0Minute\" \/>\n<script type=\"application\/ld+json\" class=\"yoast-schema-graph\">{\"@context\":\"https:\/\/schema.org\",\"@graph\":[{\"@type\":\"WebPage\",\"@id\":\"https:\/\/holdingin.cz\/de\/ueber-uns\/\",\"url\":\"https:\/\/holdingin.cz\/de\/ueber-uns\/\",\"name\":\"\u00dcber uns - HOLDINGIN.cz\",\"isPartOf\":{\"@id\":\"https:\/\/holdingin.cz\/de\/#website\"},\"datePublished\":\"2024-06-15T11:27:39+00:00\",\"description\":\"Wir sind ein f\u00fchrender Anbieter von umfassenden technischen Facility-Management-Dienstleistungen. Unser Ziel ist es, moderne und effektive L\u00f6sungen anzubieten, die auf die spezifischen Bed\u00fcrfnisse eines jeden Kunden zugeschnitten sind.\",\"breadcrumb\":{\"@id\":\"https:\/\/holdingin.cz\/de\/ueber-uns\/#breadcrumb\"},\"inLanguage\":\"de\",\"potentialAction\":[{\"@type\":\"ReadAction\",\"target\":[\"https:\/\/holdingin.cz\/de\/ueber-uns\/\"]}]},{\"@type\":\"BreadcrumbList\",\"@id\":\"https:\/\/holdingin.cz\/de\/ueber-uns\/#breadcrumb\",\"itemListElement\":[{\"@type\":\"ListItem\",\"position\":1,\"name\":\"Dom\u016f\",\"item\":\"https:\/\/holdingin.cz\/de\/\"},{\"@type\":\"ListItem\",\"position\":2,\"name\":\"\u00dcber uns\"}]},{\"@type\":\"WebSite\",\"@id\":\"https:\/\/holdingin.cz\/de\/#website\",\"url\":\"https:\/\/holdingin.cz\/de\/\",\"name\":\"HOLDINGIN.cz\",\"description\":\"\",\"publisher\":{\"@id\":\"https:\/\/holdingin.cz\/de\/#organization\"},\"potentialAction\":[{\"@type\":\"SearchAction\",\"target\":{\"@type\":\"EntryPoint\",\"urlTemplate\":\"https:\/\/holdingin.cz\/de\/?s={search_term_string}\"},\"query-input\":{\"@type\":\"PropertyValueSpecification\",\"valueRequired\":true,\"valueName\":\"search_term_string\"}}],\"inLanguage\":\"de\"},{\"@type\":\"Organization\",\"@id\":\"https:\/\/holdingin.cz\/de\/#organization\",\"name\":\"HOLDINGIN.cz\",\"url\":\"https:\/\/holdingin.cz\/de\/\",\"logo\":{\"@type\":\"ImageObject\",\"inLanguage\":\"de\",\"@id\":\"https:\/\/holdingin.cz\/de\/#\/schema\/logo\/image\/\",\"url\":\"https:\/\/holdingin.cz\/wp-content\/uploads\/2024\/05\/logo.png\",\"contentUrl\":\"https:\/\/holdingin.cz\/wp-content\/uploads\/2024\/05\/logo.png\",\"width\":492,\"height\":118,\"caption\":\"HOLDINGIN.cz\"},\"image\":{\"@id\":\"https:\/\/holdingin.cz\/de\/#\/schema\/logo\/image\/\"},\"sameAs\":[\"https:\/\/www.facebook.com\/holdingin.cz\/\"]}]}<\/script>\n<!-- \/ Yoast SEO plugin. -->","yoast_head_json":{"title":"\u00dcber uns - HOLDINGIN.cz","description":"Wir sind ein f\u00fchrender Anbieter von umfassenden technischen Facility-Management-Dienstleistungen. Unser Ziel ist es, moderne und effektive L\u00f6sungen anzubieten, die auf die spezifischen Bed\u00fcrfnisse eines jeden Kunden zugeschnitten sind.","robots":{"index":"index","follow":"follow","max-snippet":"max-snippet:-1","max-image-preview":"max-image-preview:large","max-video-preview":"max-video-preview:-1"},"canonical":"https:\/\/holdingin.cz\/de\/ueber-uns\/","og_locale":"de_DE","og_type":"article","og_title":"\u00dcber uns - HOLDINGIN.cz","og_description":"Wir sind ein f\u00fchrender Anbieter von umfassenden technischen Facility-Management-Dienstleistungen. Unser Ziel ist es, moderne und effektive L\u00f6sungen anzubieten, die auf die spezifischen Bed\u00fcrfnisse eines jeden Kunden zugeschnitten sind.","og_url":"https:\/\/holdingin.cz\/de\/ueber-uns\/","og_site_name":"HOLDINGIN.cz","article_publisher":"https:\/\/www.facebook.com\/holdingin.cz\/","twitter_card":"summary_large_image","twitter_misc":{"Gesch\u00e4tzte Lesezeit":"1\u00a0Minute"},"schema":{"@context":"https:\/\/schema.org","@graph":[{"@type":"WebPage","@id":"https:\/\/holdingin.cz\/de\/ueber-uns\/","url":"https:\/\/holdingin.cz\/de\/ueber-uns\/","name":"\u00dcber uns - HOLDINGIN.cz","isPartOf":{"@id":"https:\/\/holdingin.cz\/de\/#website"},"datePublished":"2024-06-15T11:27:39+00:00","description":"Wir sind ein f\u00fchrender Anbieter von umfassenden technischen Facility-Management-Dienstleistungen. Unser Ziel ist es, moderne und effektive L\u00f6sungen anzubieten, die auf die spezifischen Bed\u00fcrfnisse eines jeden Kunden zugeschnitten sind.","breadcrumb":{"@id":"https:\/\/holdingin.cz\/de\/ueber-uns\/#breadcrumb"},"inLanguage":"de","potentialAction":[{"@type":"ReadAction","target":["https:\/\/holdingin.cz\/de\/ueber-uns\/"]}]},{"@type":"BreadcrumbList","@id":"https:\/\/holdingin.cz\/de\/ueber-uns\/#breadcrumb","itemListElement":[{"@type":"ListItem","position":1,"name":"Dom\u016f","item":"https:\/\/holdingin.cz\/de\/"},{"@type":"ListItem","position":2,"name":"\u00dcber uns"}]},{"@type":"WebSite","@id":"https:\/\/holdingin.cz\/de\/#website","url":"https:\/\/holdingin.cz\/de\/","name":"HOLDINGIN.cz","description":"","publisher":{"@id":"https:\/\/holdingin.cz\/de\/#organization"},"potentialAction":[{"@type":"SearchAction","target":{"@type":"EntryPoint","urlTemplate":"https:\/\/holdingin.cz\/de\/?s={search_term_string}"},"query-input":{"@type":"PropertyValueSpecification","valueRequired":true,"valueName":"search_term_string"}}],"inLanguage":"de"},{"@type":"Organization","@id":"https:\/\/holdingin.cz\/de\/#organization","name":"HOLDINGIN.cz","url":"https:\/\/holdingin.cz\/de\/","logo":{"@type":"ImageObject","inLanguage":"de","@id":"https:\/\/holdingin.cz\/de\/#\/schema\/logo\/image\/","url":"https:\/\/holdingin.cz\/wp-content\/uploads\/2024\/05\/logo.png","contentUrl":"https:\/\/holdingin.cz\/wp-content\/uploads\/2024\/05\/logo.png","width":492,"height":118,"caption":"HOLDINGIN.cz"},"image":{"@id":"https:\/\/holdingin.cz\/de\/#\/schema\/logo\/image\/"},"sameAs":["https:\/\/www.facebook.com\/holdingin.cz\/"]}]}},"_links":{"self":[{"href":"https:\/\/holdingin.cz\/de\/wp-json\/wp\/v2\/pages\/866","targetHints":{"allow":["GET"]}}],"collection":[{"href":"https:\/\/holdingin.cz\/de\/wp-json\/wp\/v2\/pages"}],"about":[{"href":"https:\/\/holdingin.cz\/de\/wp-json\/wp\/v2\/types\/page"}],"author":[{"embeddable":true,"href":"https:\/\/holdingin.cz\/de\/wp-json\/wp\/v2\/users\/2"}],"replies":[{"embeddable":true,"href":"https:\/\/holdingin.cz\/de\/wp-json\/wp\/v2\/comments?post=866"}],"version-history":[{"count":0,"href":"https:\/\/holdingin.cz\/de\/wp-json\/wp\/v2\/pages\/866\/revisions"}],"wp:attachment":[{"href":"https:\/\/holdingin.cz\/de\/wp-json\/wp\/v2\/media?parent=866"}],"curies":[{"name":"wp","href":"https:\/\/api.w.org\/{rel}","templated":true}]}}